{"id":18776,"date":"2023-07-17T13:32:26","date_gmt":"2023-07-17T11:32:26","guid":{"rendered":"https:\/\/rentsbygrietje.com\/sleutelbeheer\/"},"modified":"2023-07-19T14:32:33","modified_gmt":"2023-07-19T12:32:33","slug":"gestion-des-cles","status":"publish","type":"page","link":"https:\/\/rentsbygrietje.com\/fr\/gestion-des-cles\/","title":{"rendered":"Gestion des cl\u00e9s"},"content":{"rendered":"\t\t<div data-elementor-type=\"wp-page\" data-elementor-id=\"18776\" class=\"elementor elementor-18776 elementor-18330\">\n\t\t\t\t\t\t\t\t\t<section class=\"elementor-section elementor-top-section elementor-element elementor-element-93112a8 elementor-section-height-min-height elementor-section-boxed elementor-section-height-default elementor-section-items-middle\" data-id=\"93112a8\" data-element_type=\"section\" data-settings=\"{&quot;background_background&quot;:&quot;classic&quot;}\">\n\t\t\t\t\t\t<div class=\"elementor-container elementor-column-gap-default\">\n\t\t\t\t\t<div class=\"elementor-column elementor-col-100 elementor-top-column elementor-element elementor-element-ab7739b\" data-id=\"ab7739b\" data-element_type=\"column\">\n\t\t\t<div class=\"elementor-widget-wrap elementor-element-populated\">\n\t\t\t\t\t\t\t\t<div class=\"elementor-element elementor-element-2dfa122 elementor-widget elementor-widget-heading\" data-id=\"2dfa122\" data-element_type=\"widget\" data-widget_type=\"heading.default\">\n\t\t\t\t<div class=\"elementor-widget-container\">\n\t\t\t<style>\/*! elementor - v3.14.0 - 26-06-2023 *\/\n.elementor-heading-title{padding:0;margin:0;line-height:1}.elementor-widget-heading .elementor-heading-title[class*=elementor-size-]>a{color:inherit;font-size:inherit;line-height:inherit}.elementor-widget-heading .elementor-heading-title.elementor-size-small{font-size:15px}.elementor-widget-heading .elementor-heading-title.elementor-size-medium{font-size:19px}.elementor-widget-heading .elementor-heading-title.elementor-size-large{font-size:29px}.elementor-widget-heading .elementor-heading-title.elementor-size-xl{font-size:39px}.elementor-widget-heading .elementor-heading-title.elementor-size-xxl{font-size:59px}<\/style><h1 class=\"elementor-heading-title elementor-size-default\">Gestion des cl\u00e9s<\/h1>\t\t<\/div>\n\t\t\t\t<\/div>\n\t\t\t\t\t<\/div>\n\t\t<\/div>\n\t\t\t\t\t\t\t<\/div>\n\t\t<\/section>\n\t\t\t\t<section class=\"elementor-section elementor-top-section elementor-element elementor-element-3f02296 elementor-section-content-middle elementor-section-boxed elementor-section-height-default elementor-section-height-default\" data-id=\"3f02296\" data-element_type=\"section\">\n\t\t\t\t\t\t<div class=\"elementor-container elementor-column-gap-default\">\n\t\t\t\t\t<div class=\"elementor-column elementor-col-33 elementor-top-column elementor-element elementor-element-5082eb9\" data-id=\"5082eb9\" data-element_type=\"column\">\n\t\t\t<div class=\"elementor-widget-wrap elementor-element-populated\">\n\t\t\t\t\t\t\t\t<div class=\"elementor-element elementor-element-e60a531 elementor-widget elementor-widget-image\" data-id=\"e60a531\" data-element_type=\"widget\" data-widget_type=\"image.default\">\n\t\t\t\t<div class=\"elementor-widget-container\">\n\t\t\t<style>\/*! elementor - v3.14.0 - 26-06-2023 *\/\n.elementor-widget-image{text-align:center}.elementor-widget-image a{display:inline-block}.elementor-widget-image a img[src$=\".svg\"]{width:48px}.elementor-widget-image img{vertical-align:middle;display:inline-block}<\/style>\t\t\t\t\t\t\t\t\t\t\t\t<img decoding=\"async\" width=\"541\" height=\"391\" src=\"https:\/\/rentsbygrietje.com\/wp-content\/uploads\/2023\/07\/shutterstock_287797142-1.jpg\" class=\"attachment-medium_large size-medium_large wp-image-18582\" alt=\"\" loading=\"lazy\" srcset=\"https:\/\/rentsbygrietje.com\/wp-content\/uploads\/2023\/07\/shutterstock_287797142-1.jpg 541w, https:\/\/rentsbygrietje.com\/wp-content\/uploads\/2023\/07\/shutterstock_287797142-1-300x217.jpg 300w, https:\/\/rentsbygrietje.com\/wp-content\/uploads\/2023\/07\/shutterstock_287797142-1-496x358.jpg 496w\" sizes=\"(max-width: 541px) 100vw, 541px\" \/>\t\t\t\t\t\t\t\t\t\t\t\t\t\t\t<\/div>\n\t\t\t\t<\/div>\n\t\t\t\t\t<\/div>\n\t\t<\/div>\n\t\t\t\t<div class=\"elementor-column elementor-col-66 elementor-top-column elementor-element elementor-element-c1fefee\" data-id=\"c1fefee\" data-element_type=\"column\">\n\t\t\t<div class=\"elementor-widget-wrap elementor-element-populated\">\n\t\t\t\t\t\t\t\t<div class=\"elementor-element elementor-element-bd30973 elementor-widget elementor-widget-text-editor\" data-id=\"bd30973\" data-element_type=\"widget\" data-widget_type=\"text-editor.default\">\n\t\t\t\t<div class=\"elementor-widget-container\">\n\t\t\t<style>\/*! elementor - v3.14.0 - 26-06-2023 *\/\n.elementor-widget-text-editor.elementor-drop-cap-view-stacked .elementor-drop-cap{background-color:#69727d;color:#fff}.elementor-widget-text-editor.elementor-drop-cap-view-framed .elementor-drop-cap{color:#69727d;border:3px solid;background-color:transparent}.elementor-widget-text-editor:not(.elementor-drop-cap-view-default) .elementor-drop-cap{margin-top:8px}.elementor-widget-text-editor:not(.elementor-drop-cap-view-default) .elementor-drop-cap-letter{width:1em;height:1em}.elementor-widget-text-editor .elementor-drop-cap{float:left;text-align:center;line-height:1;font-size:50px}.elementor-widget-text-editor .elementor-drop-cap-letter{display:inline-block}<\/style>\t\t\t\t<p>Vous \u00eates \u00e0 la recherche d&#8217;une personne fiable pour g\u00e9rer les cl\u00e9s de votre maison ou de votre maison de vacances ?<\/p><p>Dans ce cas \u00e9galement, vous \u00eates \u00e0 la bonne adresse chez Rents by Grietje.<\/p><p>Nous g\u00e9rons les cl\u00e9s de votre propri\u00e9t\u00e9 de la Costa Blanca en lieu s\u00fbr et ne les remettons \u00e0 vos invit\u00e9s, locataires, fournisseurs ou installateurs que si vous nous le demandez.<\/p><p>Nous assurons la gestion des cl\u00e9s des maisons de vacances \u00e0 Altea, Albir, Calpe et Polop.<\/p>\t\t\t\t\t\t<\/div>\n\t\t\t\t<\/div>\n\t\t\t\t\t<\/div>\n\t\t<\/div>\n\t\t\t\t\t\t\t<\/div>\n\t\t<\/section>\n\t\t\t\t\t\t\t<\/div>\n\t\t","protected":false},"excerpt":{"rendered":"<p>Gestion des cl\u00e9s Vous \u00eates \u00e0 la recherche d&#8217;une personne fiable pour g\u00e9rer les cl\u00e9s de votre maison ou de votre maison de vacances ? Dans ce cas \u00e9galement, vous \u00eates \u00e0 la bonne adresse chez Rents by Grietje. Nous g\u00e9rons les cl\u00e9s de votre propri\u00e9t\u00e9 de la Costa Blanca en lieu s\u00fbr et ne [&hellip;]<\/p>\n","protected":false},"author":1,"featured_media":0,"parent":0,"menu_order":0,"comment_status":"closed","ping_status":"closed","template":"elementor_header_footer","meta":[],"yoast_head":"<!-- This site is optimized with the Yoast SEO plugin v20.11 - https:\/\/yoast.com\/wordpress\/plugins\/seo\/ -->\n<title>Gestion des cl\u00e9s - Rents by Grietje<\/title>\n<meta name=\"robots\" content=\"index, follow, max-snippet:-1, max-image-preview:large, max-video-preview:-1\" \/>\n<link rel=\"canonical\" href=\"https:\/\/rentsbygrietje.com\/fr\/gestion-des-cles\/\" \/>\n<meta property=\"og:locale\" content=\"fr_FR\" \/>\n<meta property=\"og:type\" content=\"article\" \/>\n<meta property=\"og:title\" content=\"Gestion des cl\u00e9s - Rents by Grietje\" \/>\n<meta property=\"og:description\" content=\"Gestion des cl\u00e9s Vous \u00eates \u00e0 la recherche d&#8217;une personne fiable pour g\u00e9rer les cl\u00e9s de votre maison ou de votre maison de vacances ? Dans ce cas \u00e9galement, vous \u00eates \u00e0 la bonne adresse chez Rents by Grietje. Nous g\u00e9rons les cl\u00e9s de votre propri\u00e9t\u00e9 de la Costa Blanca en lieu s\u00fbr et ne [&hellip;]\" \/>\n<meta property=\"og:url\" content=\"https:\/\/rentsbygrietje.com\/fr\/gestion-des-cles\/\" \/>\n<meta property=\"og:site_name\" content=\"Rents by Grietje\" \/>\n<meta property=\"article:modified_time\" content=\"2023-07-19T12:32:33+00:00\" \/>\n<meta property=\"og:image\" content=\"https:\/\/rentsbygrietje.com\/wp-content\/uploads\/2023\/07\/shutterstock_287797142-1.jpg\" \/>\n<meta name=\"twitter:card\" content=\"summary_large_image\" \/>\n<script type=\"application\/ld+json\" class=\"yoast-schema-graph\">{\"@context\":\"https:\/\/schema.org\",\"@graph\":[{\"@type\":\"WebPage\",\"@id\":\"https:\/\/rentsbygrietje.com\/fr\/gestion-des-cles\/\",\"url\":\"https:\/\/rentsbygrietje.com\/fr\/gestion-des-cles\/\",\"name\":\"Gestion des cl\u00e9s - Rents by Grietje\",\"isPartOf\":{\"@id\":\"https:\/\/rentsbygrietje.com\/fr\/#website\"},\"datePublished\":\"2023-07-17T11:32:26+00:00\",\"dateModified\":\"2023-07-19T12:32:33+00:00\",\"breadcrumb\":{\"@id\":\"https:\/\/rentsbygrietje.com\/fr\/gestion-des-cles\/#breadcrumb\"},\"inLanguage\":\"fr-FR\",\"potentialAction\":[{\"@type\":\"ReadAction\",\"target\":[\"https:\/\/rentsbygrietje.com\/fr\/gestion-des-cles\/\"]}]},{\"@type\":\"BreadcrumbList\",\"@id\":\"https:\/\/rentsbygrietje.com\/fr\/gestion-des-cles\/#breadcrumb\",\"itemListElement\":[{\"@type\":\"ListItem\",\"position\":1,\"name\":\"Portada\",\"item\":\"https:\/\/rentsbygrietje.com\/fr\/\"},{\"@type\":\"ListItem\",\"position\":2,\"name\":\"Gestion des cl\u00e9s\"}]},{\"@type\":\"WebSite\",\"@id\":\"https:\/\/rentsbygrietje.com\/fr\/#website\",\"url\":\"https:\/\/rentsbygrietje.com\/fr\/\",\"name\":\"Rents by Grietje\",\"description\":\"Vakantiewoningen aan de Costa Blanca\",\"potentialAction\":[{\"@type\":\"SearchAction\",\"target\":{\"@type\":\"EntryPoint\",\"urlTemplate\":\"https:\/\/rentsbygrietje.com\/fr\/?s={search_term_string}\"},\"query-input\":\"required name=search_term_string\"}],\"inLanguage\":\"fr-FR\"}]}<\/script>\n<!-- \/ Yoast SEO plugin. -->","yoast_head_json":{"title":"Gestion des cl\u00e9s - Rents by Grietje","robots":{"index":"index","follow":"follow","max-snippet":"max-snippet:-1","max-image-preview":"max-image-preview:large","max-video-preview":"max-video-preview:-1"},"canonical":"https:\/\/rentsbygrietje.com\/fr\/gestion-des-cles\/","og_locale":"fr_FR","og_type":"article","og_title":"Gestion des cl\u00e9s - Rents by Grietje","og_description":"Gestion des cl\u00e9s Vous \u00eates \u00e0 la recherche d&#8217;une personne fiable pour g\u00e9rer les cl\u00e9s de votre maison ou de votre maison de vacances ? Dans ce cas \u00e9galement, vous \u00eates \u00e0 la bonne adresse chez Rents by Grietje. Nous g\u00e9rons les cl\u00e9s de votre propri\u00e9t\u00e9 de la Costa Blanca en lieu s\u00fbr et ne [&hellip;]","og_url":"https:\/\/rentsbygrietje.com\/fr\/gestion-des-cles\/","og_site_name":"Rents by Grietje","article_modified_time":"2023-07-19T12:32:33+00:00","og_image":[{"url":"https:\/\/rentsbygrietje.com\/wp-content\/uploads\/2023\/07\/shutterstock_287797142-1.jpg"}],"twitter_card":"summary_large_image","schema":{"@context":"https:\/\/schema.org","@graph":[{"@type":"WebPage","@id":"https:\/\/rentsbygrietje.com\/fr\/gestion-des-cles\/","url":"https:\/\/rentsbygrietje.com\/fr\/gestion-des-cles\/","name":"Gestion des cl\u00e9s - Rents by Grietje","isPartOf":{"@id":"https:\/\/rentsbygrietje.com\/fr\/#website"},"datePublished":"2023-07-17T11:32:26+00:00","dateModified":"2023-07-19T12:32:33+00:00","breadcrumb":{"@id":"https:\/\/rentsbygrietje.com\/fr\/gestion-des-cles\/#breadcrumb"},"inLanguage":"fr-FR","potentialAction":[{"@type":"ReadAction","target":["https:\/\/rentsbygrietje.com\/fr\/gestion-des-cles\/"]}]},{"@type":"BreadcrumbList","@id":"https:\/\/rentsbygrietje.com\/fr\/gestion-des-cles\/#breadcrumb","itemListElement":[{"@type":"ListItem","position":1,"name":"Portada","item":"https:\/\/rentsbygrietje.com\/fr\/"},{"@type":"ListItem","position":2,"name":"Gestion des cl\u00e9s"}]},{"@type":"WebSite","@id":"https:\/\/rentsbygrietje.com\/fr\/#website","url":"https:\/\/rentsbygrietje.com\/fr\/","name":"Rents by Grietje","description":"Vakantiewoningen aan de Costa Blanca","potentialAction":[{"@type":"SearchAction","target":{"@type":"EntryPoint","urlTemplate":"https:\/\/rentsbygrietje.com\/fr\/?s={search_term_string}"},"query-input":"required name=search_term_string"}],"inLanguage":"fr-FR"}]}},"_links":{"self":[{"href":"https:\/\/rentsbygrietje.com\/fr\/wp-json\/wp\/v2\/pages\/18776"}],"collection":[{"href":"https:\/\/rentsbygrietje.com\/fr\/wp-json\/wp\/v2\/pages"}],"about":[{"href":"https:\/\/rentsbygrietje.com\/fr\/wp-json\/wp\/v2\/types\/page"}],"author":[{"embeddable":true,"href":"https:\/\/rentsbygrietje.com\/fr\/wp-json\/wp\/v2\/users\/1"}],"replies":[{"embeddable":true,"href":"https:\/\/rentsbygrietje.com\/fr\/wp-json\/wp\/v2\/comments?post=18776"}],"version-history":[{"count":0,"href":"https:\/\/rentsbygrietje.com\/fr\/wp-json\/wp\/v2\/pages\/18776\/revisions"}],"wp:attachment":[{"href":"https:\/\/rentsbygrietje.com\/fr\/wp-json\/wp\/v2\/media?parent=18776"}],"curies":[{"name":"wp","href":"https:\/\/api.w.org\/{rel}","templated":true}]}}