{"id":18778,"date":"2023-07-17T13:11:35","date_gmt":"2023-07-17T11:11:35","guid":{"rendered":"https:\/\/rentsbygrietje.com\/schoonmaakservice\/"},"modified":"2023-07-20T11:19:24","modified_gmt":"2023-07-20T09:19:24","slug":"service-de-nettoyage","status":"publish","type":"page","link":"https:\/\/rentsbygrietje.com\/fr\/service-de-nettoyage\/","title":{"rendered":"Service de nettoyage"},"content":{"rendered":"\t\t<div data-elementor-type=\"wp-page\" data-elementor-id=\"18778\" class=\"elementor elementor-18778 elementor-18314\">\n\t\t\t\t\t\t\t\t\t<section class=\"elementor-section elementor-top-section elementor-element elementor-element-4ed8543 elementor-section-height-min-height elementor-section-boxed elementor-section-height-default elementor-section-items-middle\" data-id=\"4ed8543\" data-element_type=\"section\" data-settings=\"{&quot;background_background&quot;:&quot;classic&quot;}\">\n\t\t\t\t\t\t<div class=\"elementor-container elementor-column-gap-default\">\n\t\t\t\t\t<div class=\"elementor-column elementor-col-100 elementor-top-column elementor-element elementor-element-bf20f6b\" data-id=\"bf20f6b\" data-element_type=\"column\">\n\t\t\t<div class=\"elementor-widget-wrap elementor-element-populated\">\n\t\t\t\t\t\t\t\t<div class=\"elementor-element elementor-element-1f6398a elementor-widget elementor-widget-heading\" data-id=\"1f6398a\" data-element_type=\"widget\" data-widget_type=\"heading.default\">\n\t\t\t\t<div class=\"elementor-widget-container\">\n\t\t\t<style>\/*! elementor - v3.14.0 - 26-06-2023 *\/\n.elementor-heading-title{padding:0;margin:0;line-height:1}.elementor-widget-heading .elementor-heading-title[class*=elementor-size-]>a{color:inherit;font-size:inherit;line-height:inherit}.elementor-widget-heading .elementor-heading-title.elementor-size-small{font-size:15px}.elementor-widget-heading .elementor-heading-title.elementor-size-medium{font-size:19px}.elementor-widget-heading .elementor-heading-title.elementor-size-large{font-size:29px}.elementor-widget-heading .elementor-heading-title.elementor-size-xl{font-size:39px}.elementor-widget-heading .elementor-heading-title.elementor-size-xxl{font-size:59px}<\/style><h1 class=\"elementor-heading-title elementor-size-default\">Service de nettoyage<\/h1>\t\t<\/div>\n\t\t\t\t<\/div>\n\t\t\t\t\t<\/div>\n\t\t<\/div>\n\t\t\t\t\t\t\t<\/div>\n\t\t<\/section>\n\t\t\t\t<section class=\"elementor-section elementor-top-section elementor-element elementor-element-3450834 elementor-section-content-middle elementor-section-boxed elementor-section-height-default elementor-section-height-default\" data-id=\"3450834\" data-element_type=\"section\">\n\t\t\t\t\t\t<div class=\"elementor-container elementor-column-gap-default\">\n\t\t\t\t\t<div class=\"elementor-column elementor-col-33 elementor-top-column elementor-element elementor-element-fe1f7ad\" data-id=\"fe1f7ad\" data-element_type=\"column\">\n\t\t\t<div class=\"elementor-widget-wrap elementor-element-populated\">\n\t\t\t\t\t\t\t\t<div class=\"elementor-element elementor-element-6440a0b elementor-widget elementor-widget-image\" data-id=\"6440a0b\" data-element_type=\"widget\" data-widget_type=\"image.default\">\n\t\t\t\t<div class=\"elementor-widget-container\">\n\t\t\t<style>\/*! elementor - v3.14.0 - 26-06-2023 *\/\n.elementor-widget-image{text-align:center}.elementor-widget-image a{display:inline-block}.elementor-widget-image a img[src$=\".svg\"]{width:48px}.elementor-widget-image img{vertical-align:middle;display:inline-block}<\/style>\t\t\t\t\t\t\t\t\t\t\t\t<img decoding=\"async\" src=\"https:\/\/rentsbygrietje.com\/wp-content\/uploads\/elementor\/thumbs\/daiga-ellaby-uooMllXe6gE-unsplash-1-2-q9jvtygz51pst09b4u0ij3r178ab2gk773yy2z4zns.jpg\" title=\"daiga-ellaby-uooMllXe6gE-unsplash (1)\" alt=\"daiga-ellaby-uooMllXe6gE-unsplash (1)\" loading=\"lazy\" \/>\t\t\t\t\t\t\t\t\t\t\t\t\t\t\t<\/div>\n\t\t\t\t<\/div>\n\t\t\t\t\t<\/div>\n\t\t<\/div>\n\t\t\t\t<div class=\"elementor-column elementor-col-66 elementor-top-column elementor-element elementor-element-6c2400a\" data-id=\"6c2400a\" data-element_type=\"column\">\n\t\t\t<div class=\"elementor-widget-wrap elementor-element-populated\">\n\t\t\t\t\t\t\t\t<div class=\"elementor-element elementor-element-1d0d03c elementor-widget elementor-widget-text-editor\" data-id=\"1d0d03c\" data-element_type=\"widget\" data-widget_type=\"text-editor.default\">\n\t\t\t\t<div class=\"elementor-widget-container\">\n\t\t\t<style>\/*! elementor - v3.14.0 - 26-06-2023 *\/\n.elementor-widget-text-editor.elementor-drop-cap-view-stacked .elementor-drop-cap{background-color:#69727d;color:#fff}.elementor-widget-text-editor.elementor-drop-cap-view-framed .elementor-drop-cap{color:#69727d;border:3px solid;background-color:transparent}.elementor-widget-text-editor:not(.elementor-drop-cap-view-default) .elementor-drop-cap{margin-top:8px}.elementor-widget-text-editor:not(.elementor-drop-cap-view-default) .elementor-drop-cap-letter{width:1em;height:1em}.elementor-widget-text-editor .elementor-drop-cap{float:left;text-align:center;line-height:1;font-size:50px}.elementor-widget-text-editor .elementor-drop-cap-letter{display:inline-block}<\/style>\t\t\t\t<p>De bonnes vacances sur la Costa Blanca commencent par une propri\u00e9t\u00e9 propre et fra\u00eeche. Rents by Gretel n&#8217;a pas seulement de l&#8217;exp\u00e9rience dans la location de maisons de vacances, nous avons aussi plusieurs ann\u00e9es d&#8217;exp\u00e9rience dans le nettoyage de propri\u00e9t\u00e9s \u00e0 louer sur la Costa Blanca.<\/p><p>Nous savons \u00e0 quel point il est important d&#8217;avoir un partenaire fiable pour que vous ou vos locataires arriviez toujours dans une propri\u00e9t\u00e9 propre. Nos nettoyeurs travaillent avec pr\u00e9cision et soin, et toujours en consultation avec le client.<\/p><p>Notre objectif est de faire en sorte que lorsque vous ou vos locataires arrivez, ils se sentent comme chez eux et profitent de vacances espagnoles uniques et sans souci.<\/p><p>Nous proposons nos services de nettoyage \u00e0 Altea, Albir, Calpe et Polop.<\/p>\t\t\t\t\t\t<\/div>\n\t\t\t\t<\/div>\n\t\t\t\t\t<\/div>\n\t\t<\/div>\n\t\t\t\t\t\t\t<\/div>\n\t\t<\/section>\n\t\t\t\t\t\t\t<\/div>\n\t\t","protected":false},"excerpt":{"rendered":"<p>Service de nettoyage De bonnes vacances sur la Costa Blanca commencent par une propri\u00e9t\u00e9 propre et fra\u00eeche. Rents by Gretel n&#8217;a pas seulement de l&#8217;exp\u00e9rience dans la location de maisons de vacances, nous avons aussi plusieurs ann\u00e9es d&#8217;exp\u00e9rience dans le nettoyage de propri\u00e9t\u00e9s \u00e0 louer sur la Costa Blanca. Nous savons \u00e0 quel point il [&hellip;]<\/p>\n","protected":false},"author":1,"featured_media":0,"parent":0,"menu_order":0,"comment_status":"closed","ping_status":"closed","template":"elementor_header_footer","meta":[],"yoast_head":"<!-- This site is optimized with the Yoast SEO plugin v20.11 - https:\/\/yoast.com\/wordpress\/plugins\/seo\/ -->\n<title>Service de nettoyage - Rents by Grietje<\/title>\n<meta name=\"robots\" content=\"index, follow, max-snippet:-1, max-image-preview:large, max-video-preview:-1\" \/>\n<link rel=\"canonical\" href=\"https:\/\/rentsbygrietje.com\/fr\/service-de-nettoyage\/\" \/>\n<meta property=\"og:locale\" content=\"fr_FR\" \/>\n<meta property=\"og:type\" content=\"article\" \/>\n<meta property=\"og:title\" content=\"Service de nettoyage - Rents by Grietje\" \/>\n<meta property=\"og:description\" content=\"Service de nettoyage De bonnes vacances sur la Costa Blanca commencent par une propri\u00e9t\u00e9 propre et fra\u00eeche. Rents by Gretel n&#8217;a pas seulement de l&#8217;exp\u00e9rience dans la location de maisons de vacances, nous avons aussi plusieurs ann\u00e9es d&#8217;exp\u00e9rience dans le nettoyage de propri\u00e9t\u00e9s \u00e0 louer sur la Costa Blanca. Nous savons \u00e0 quel point il [&hellip;]\" \/>\n<meta property=\"og:url\" content=\"https:\/\/rentsbygrietje.com\/fr\/service-de-nettoyage\/\" \/>\n<meta property=\"og:site_name\" content=\"Rents by Grietje\" \/>\n<meta property=\"article:modified_time\" content=\"2023-07-20T09:19:24+00:00\" \/>\n<meta property=\"og:image\" content=\"https:\/\/rentsbygrietje.com\/wp-content\/uploads\/elementor\/thumbs\/daiga-ellaby-uooMllXe6gE-unsplash-1-2-q9jvtygz51pst09b4u0ij3r178ab2gk773yy2z4zns.jpg\" \/>\n<meta name=\"twitter:card\" content=\"summary_large_image\" \/>\n<meta name=\"twitter:label1\" content=\"Dur\u00e9e de lecture estim\u00e9e\" \/>\n\t<meta name=\"twitter:data1\" content=\"1 minute\" \/>\n<script type=\"application\/ld+json\" class=\"yoast-schema-graph\">{\"@context\":\"https:\/\/schema.org\",\"@graph\":[{\"@type\":\"WebPage\",\"@id\":\"https:\/\/rentsbygrietje.com\/fr\/service-de-nettoyage\/\",\"url\":\"https:\/\/rentsbygrietje.com\/fr\/service-de-nettoyage\/\",\"name\":\"Service de nettoyage - Rents by Grietje\",\"isPartOf\":{\"@id\":\"https:\/\/rentsbygrietje.com\/fr\/#website\"},\"datePublished\":\"2023-07-17T11:11:35+00:00\",\"dateModified\":\"2023-07-20T09:19:24+00:00\",\"breadcrumb\":{\"@id\":\"https:\/\/rentsbygrietje.com\/fr\/service-de-nettoyage\/#breadcrumb\"},\"inLanguage\":\"fr-FR\",\"potentialAction\":[{\"@type\":\"ReadAction\",\"target\":[\"https:\/\/rentsbygrietje.com\/fr\/service-de-nettoyage\/\"]}]},{\"@type\":\"BreadcrumbList\",\"@id\":\"https:\/\/rentsbygrietje.com\/fr\/service-de-nettoyage\/#breadcrumb\",\"itemListElement\":[{\"@type\":\"ListItem\",\"position\":1,\"name\":\"Portada\",\"item\":\"https:\/\/rentsbygrietje.com\/fr\/\"},{\"@type\":\"ListItem\",\"position\":2,\"name\":\"Service de nettoyage\"}]},{\"@type\":\"WebSite\",\"@id\":\"https:\/\/rentsbygrietje.com\/fr\/#website\",\"url\":\"https:\/\/rentsbygrietje.com\/fr\/\",\"name\":\"Rents by Grietje\",\"description\":\"Vakantiewoningen aan de Costa Blanca\",\"potentialAction\":[{\"@type\":\"SearchAction\",\"target\":{\"@type\":\"EntryPoint\",\"urlTemplate\":\"https:\/\/rentsbygrietje.com\/fr\/?s={search_term_string}\"},\"query-input\":\"required name=search_term_string\"}],\"inLanguage\":\"fr-FR\"}]}<\/script>\n<!-- \/ Yoast SEO plugin. -->","yoast_head_json":{"title":"Service de nettoyage - Rents by Grietje","robots":{"index":"index","follow":"follow","max-snippet":"max-snippet:-1","max-image-preview":"max-image-preview:large","max-video-preview":"max-video-preview:-1"},"canonical":"https:\/\/rentsbygrietje.com\/fr\/service-de-nettoyage\/","og_locale":"fr_FR","og_type":"article","og_title":"Service de nettoyage - Rents by Grietje","og_description":"Service de nettoyage De bonnes vacances sur la Costa Blanca commencent par une propri\u00e9t\u00e9 propre et fra\u00eeche. Rents by Gretel n&#8217;a pas seulement de l&#8217;exp\u00e9rience dans la location de maisons de vacances, nous avons aussi plusieurs ann\u00e9es d&#8217;exp\u00e9rience dans le nettoyage de propri\u00e9t\u00e9s \u00e0 louer sur la Costa Blanca. Nous savons \u00e0 quel point il [&hellip;]","og_url":"https:\/\/rentsbygrietje.com\/fr\/service-de-nettoyage\/","og_site_name":"Rents by Grietje","article_modified_time":"2023-07-20T09:19:24+00:00","og_image":[{"url":"https:\/\/rentsbygrietje.com\/wp-content\/uploads\/elementor\/thumbs\/daiga-ellaby-uooMllXe6gE-unsplash-1-2-q9jvtygz51pst09b4u0ij3r178ab2gk773yy2z4zns.jpg"}],"twitter_card":"summary_large_image","twitter_misc":{"Dur\u00e9e de lecture estim\u00e9e":"1 minute"},"schema":{"@context":"https:\/\/schema.org","@graph":[{"@type":"WebPage","@id":"https:\/\/rentsbygrietje.com\/fr\/service-de-nettoyage\/","url":"https:\/\/rentsbygrietje.com\/fr\/service-de-nettoyage\/","name":"Service de nettoyage - Rents by Grietje","isPartOf":{"@id":"https:\/\/rentsbygrietje.com\/fr\/#website"},"datePublished":"2023-07-17T11:11:35+00:00","dateModified":"2023-07-20T09:19:24+00:00","breadcrumb":{"@id":"https:\/\/rentsbygrietje.com\/fr\/service-de-nettoyage\/#breadcrumb"},"inLanguage":"fr-FR","potentialAction":[{"@type":"ReadAction","target":["https:\/\/rentsbygrietje.com\/fr\/service-de-nettoyage\/"]}]},{"@type":"BreadcrumbList","@id":"https:\/\/rentsbygrietje.com\/fr\/service-de-nettoyage\/#breadcrumb","itemListElement":[{"@type":"ListItem","position":1,"name":"Portada","item":"https:\/\/rentsbygrietje.com\/fr\/"},{"@type":"ListItem","position":2,"name":"Service de nettoyage"}]},{"@type":"WebSite","@id":"https:\/\/rentsbygrietje.com\/fr\/#website","url":"https:\/\/rentsbygrietje.com\/fr\/","name":"Rents by Grietje","description":"Vakantiewoningen aan de Costa Blanca","potentialAction":[{"@type":"SearchAction","target":{"@type":"EntryPoint","urlTemplate":"https:\/\/rentsbygrietje.com\/fr\/?s={search_term_string}"},"query-input":"required name=search_term_string"}],"inLanguage":"fr-FR"}]}},"_links":{"self":[{"href":"https:\/\/rentsbygrietje.com\/fr\/wp-json\/wp\/v2\/pages\/18778"}],"collection":[{"href":"https:\/\/rentsbygrietje.com\/fr\/wp-json\/wp\/v2\/pages"}],"about":[{"href":"https:\/\/rentsbygrietje.com\/fr\/wp-json\/wp\/v2\/types\/page"}],"author":[{"embeddable":true,"href":"https:\/\/rentsbygrietje.com\/fr\/wp-json\/wp\/v2\/users\/1"}],"replies":[{"embeddable":true,"href":"https:\/\/rentsbygrietje.com\/fr\/wp-json\/wp\/v2\/comments?post=18778"}],"version-history":[{"count":0,"href":"https:\/\/rentsbygrietje.com\/fr\/wp-json\/wp\/v2\/pages\/18778\/revisions"}],"wp:attachment":[{"href":"https:\/\/rentsbygrietje.com\/fr\/wp-json\/wp\/v2\/media?parent=18778"}],"curies":[{"name":"wp","href":"https:\/\/api.w.org\/{rel}","templated":true}]}}