{"id":18782,"date":"2016-03-10T18:51:46","date_gmt":"2016-03-10T17:51:46","guid":{"rendered":"https:\/\/rentsbygrietje.com\/algemene-voorwaarden\/"},"modified":"2023-07-20T11:33:09","modified_gmt":"2023-07-20T09:33:09","slug":"conditions-generales","status":"publish","type":"page","link":"https:\/\/rentsbygrietje.com\/fr\/conditions-generales\/","title":{"rendered":"Conditions G\u00e9n\u00e9rales"},"content":{"rendered":"\t\t<div data-elementor-type=\"wp-page\" data-elementor-id=\"18782\" class=\"elementor elementor-18782 elementor-17932\">\n\t\t\t\t\t\t\t\t\t<section class=\"elementor-section elementor-top-section elementor-element elementor-element-6663a8b5 elementor-section-boxed elementor-section-height-default elementor-section-height-default\" data-id=\"6663a8b5\" data-element_type=\"section\">\n\t\t\t\t\t\t<div class=\"elementor-container elementor-column-gap-default\">\n\t\t\t\t\t<div class=\"elementor-column elementor-col-100 elementor-top-column elementor-element elementor-element-6b7c0c74\" data-id=\"6b7c0c74\" data-element_type=\"column\">\n\t\t\t<div class=\"elementor-widget-wrap elementor-element-populated\">\n\t\t\t\t\t\t\t\t<div class=\"elementor-element elementor-element-202521f0 elementor-widget elementor-widget-text-editor\" data-id=\"202521f0\" data-element_type=\"widget\" data-widget_type=\"text-editor.default\">\n\t\t\t\t<div class=\"elementor-widget-container\">\n\t\t\t<style>\/*! elementor - v3.14.0 - 26-06-2023 *\/\n.elementor-widget-text-editor.elementor-drop-cap-view-stacked .elementor-drop-cap{background-color:#69727d;color:#fff}.elementor-widget-text-editor.elementor-drop-cap-view-framed .elementor-drop-cap{color:#69727d;border:3px solid;background-color:transparent}.elementor-widget-text-editor:not(.elementor-drop-cap-view-default) .elementor-drop-cap{margin-top:8px}.elementor-widget-text-editor:not(.elementor-drop-cap-view-default) .elementor-drop-cap-letter{width:1em;height:1em}.elementor-widget-text-editor .elementor-drop-cap{float:left;text-align:center;line-height:1;font-size:50px}.elementor-widget-text-editor .elementor-drop-cap-letter{display:inline-block}<\/style>\t\t\t\t<p><strong>1. PRIX<\/strong><\/p><p>Inclus :<\/p><p>Logement enti\u00e8rement \u00e9quip\u00e9, tous les co\u00fbts sous-jacents li\u00e9s \u00e0 la maison de vacances (TVA, imp\u00f4ts locaux, taxes communautaires, taxes de s\u00e9jour&#8230;), draps, serviettes, eau, \u00e9lectricit\u00e9, parties communes, climatisation (le cas \u00e9ch\u00e9ant), nettoyage final ainsi que l&#8217;entretien et le nettoyage des piscines et des jardins.<\/p><p>Exclus :<\/p><p>Lits d&#8217;appoint, lits de b\u00e9b\u00e9, chaises d&#8217;enfant, nettoyage suppl\u00e9mentaire, \u00e9lectricit\u00e9 \u20ac\/kWh, frais d&#8217;administration et assurance annulation.<\/p><p>Cette derni\u00e8re n&#8217;est pas obligatoire mais fortement recommand\u00e9e.<\/p><p><strong>2. PAIEMENT<\/strong><br \/>Le paiement s&#8217;effectue par virement bancaire.<\/p><p>Premier versement, 25 %, \u00e0 la confirmation de la r\u00e9servation.<\/p><p>Deuxi\u00e8me paiement, 75%, au plus tard 4 semaines avant l&#8217;arriv\u00e9e.<\/p><p><strong>3. ANNULATION<\/strong><br \/>L&#8217;annulation doit \u00eatre faite par lettre recommand\u00e9e ou par courrier.<\/p><p>En cas d&#8217;annulation &gt; 1 mois avant l&#8217;entr\u00e9e dans la propri\u00e9t\u00e9 lou\u00e9e : 25% du prix total de la location seront factur\u00e9s aux locataires.<\/p><p>En cas d&#8217;annulation &lt; 1 mois et jusqu&#8217;\u00e0 14 jours avant l&#8217;entr\u00e9e dans les lieux : 50 % du prix total de la location seront per\u00e7us aux frais des locataires.<\/p><p>En cas d&#8217;annulation &lt; 14 jours avant l&#8217;entr\u00e9e dans les lieux : 100 % du montant total du loyer sera pr\u00e9lev\u00e9 aux frais du locataire.<\/p><p>En cas de Covid &#8211; lockdown d&#8217;un des deux pays, le montant sera rembours\u00e9 \u00e0 100%.<\/p><p>Nous recommandons une assurance voyage pour \u00e9viter ces frais.<\/p><p><strong>4. ARRIV\u00c9E<\/strong><br \/>Vous devez vous rendre \u00e0 la maison de vacances entre 15 et 20 heures.<\/p><p>Comme il est important pour vous de v\u00e9rifier l&#8217;heure de votre arriv\u00e9e, nous vous demandons de prendre contact avec nous de mani\u00e8re amicale.<\/p><p><strong>5. D\u00c9PART<\/strong><\/p><p>Le d\u00e9part doit avoir lieu avant 10 heures.<\/p><p>Le logement de vacances doit \u00eatre rendu dans le m\u00eame \u00e9tat que celui dans lequel il a \u00e9t\u00e9 trouv\u00e9.<\/p><p>La caution sera rembours\u00e9e sur le compte une semaine apr\u00e8s la date de d\u00e9part, apr\u00e8s v\u00e9rification de l&#8217;\u00e9tat de l&#8217;h\u00e9bergement.<\/p><p>La consommation d&#8217;\u00e9lectricit\u00e9 en sera d\u00e9duite.<\/p><p><strong>6. PAIEMENT DE LA CAUTION<\/strong><br \/>Ce montant d\u00e9pend du type de logement.<\/p><p>La caution sert \u00e0 garantir que le logement de vacances, y compris les biens m\u00e9nagers, est utilis\u00e9 correctement en tant que personne prudente et raisonnable et qu&#8217;il est laiss\u00e9 dans un \u00e9tat d\u00e9cent au moment du d\u00e9part. La valeur est pr\u00e9cis\u00e9e sur le formulaire de r\u00e9servation et n&#8217;est jamais cr\u00e9dit\u00e9e \u00e0 moins que la propri\u00e9t\u00e9 n&#8217;ait pas \u00e9t\u00e9 laiss\u00e9e dans l&#8217;\u00e9tat o\u00f9 elle a \u00e9t\u00e9 trouv\u00e9e. Les clients doivent signaler au bureau tout type de probl\u00e8me li\u00e9 \u00e0 la location de vacances dans les 48 premi\u00e8res heures de leur s\u00e9jour. De cette fa\u00e7on, nous pouvons trouver une solution \u00e0 ces probl\u00e8mes dans un avenir pr\u00e9visible. Si ce n&#8217;est pas le cas, on consid\u00e8re que la maison est en parfait \u00e9tat aux yeux des locataires.<\/p><p>7. NETTOYAGE FINAL<br \/>Le nettoyage final est obligatoire et doit \u00eatre pay\u00e9 au plus tard lors de la remise des cl\u00e9s. Ce montant est indiqu\u00e9 sur le formulaire de r\u00e9servation.<\/p><p><strong>8. FACILIT\u00c9S SUPPL\u00c9MENTAIRES<\/strong><br \/>Lit suppl\u00e9mentaire : 85 \u20ac\/semaine<\/p><p>Lit d&#8217;enfant : \u20ac25\/semaine<\/p><p>Si\u00e8ge b\u00e9b\u00e9 : \u20ac25\/semaine<\/p><p>Animaux : \u20ac50\/r\u00e9servation<\/p><p>M\u00e9nage(s) suppl\u00e9mentaire(s) : \u20ac12.5\/heure<\/p><p><strong>9. CONDITIONS D&#8217;UTILISATION<\/strong><br \/>La capacit\u00e9 maximale du logement doit \u00eatre respect\u00e9e.<\/p><p>\u00a0<\/p><p>\u00c0 partir de 00h00, il est interdit de faire du bruit, afin de respecter le sommeil des riverains. Les nuisances sonores inutiles pendant la journ\u00e9e sont \u00e9galement interdites.<\/p><p>Il est demand\u00e9 d&#8217;entretenir le bien avec tous ses accessoires comme une personne prudente et raisonnable.<\/p><p>En cas de non-respect de ce qui pr\u00e9c\u00e8de, Rents by Grietje se r\u00e9serve le droit de r\u00e9silier le contrat avec effet imm\u00e9diat.<\/p><p>Les enfants sont consid\u00e9r\u00e9s comme des adultes.<\/p><p>Les animaux domestiques ne sont pas autoris\u00e9s, sous r\u00e9serve d&#8217;une autorisation pr\u00e9alable du propri\u00e9taire.<\/p><p>Les d\u00e9chets doivent \u00eatre d\u00e9pos\u00e9s dans les conteneurs pr\u00e9vus \u00e0 cet effet les plus proches.<\/p><p>Si le gaz est \u00e9puis\u00e9, les clients doivent le signaler afin que le gaz soit r\u00e9approvisionn\u00e9 le plus rapidement possible.<\/p><p>L&#8217;eau est rare, ne la gaspillez pas.<\/p><p><strong>SI LES CONDITIONS DE D\u00c9PART ET D&#8217;UTILISATION NE SONT PAS RESPECT\u00c9ES, LA CAUTION NE SERA PAS RESTITU\u00c9E.<\/strong><\/p>\t\t\t\t\t\t<\/div>\n\t\t\t\t<\/div>\n\t\t\t\t\t<\/div>\n\t\t<\/div>\n\t\t\t\t\t\t\t<\/div>\n\t\t<\/section>\n\t\t\t\t\t\t\t<\/div>\n\t\t","protected":false},"excerpt":{"rendered":"<p>1. PRIX Inclus : Logement enti\u00e8rement \u00e9quip\u00e9, tous les co\u00fbts sous-jacents li\u00e9s \u00e0 la maison de vacances (TVA, imp\u00f4ts locaux, taxes communautaires, taxes de s\u00e9jour&#8230;), draps, serviettes, eau, \u00e9lectricit\u00e9, parties communes, climatisation (le cas \u00e9ch\u00e9ant), nettoyage final ainsi que l&#8217;entretien et le nettoyage des piscines et des jardins. Exclus : Lits d&#8217;appoint, lits de b\u00e9b\u00e9, [&hellip;]<\/p>\n","protected":false},"author":1,"featured_media":0,"parent":0,"menu_order":0,"comment_status":"closed","ping_status":"closed","template":"","meta":[],"yoast_head":"<!-- This site is optimized with the Yoast SEO plugin v20.11 - https:\/\/yoast.com\/wordpress\/plugins\/seo\/ -->\n<title>Conditions G\u00e9n\u00e9rales - Rents by Grietje<\/title>\n<meta name=\"robots\" content=\"index, follow, max-snippet:-1, max-image-preview:large, max-video-preview:-1\" \/>\n<link rel=\"canonical\" href=\"https:\/\/rentsbygrietje.com\/fr\/conditions-generales\/\" \/>\n<meta property=\"og:locale\" content=\"fr_FR\" \/>\n<meta property=\"og:type\" content=\"article\" \/>\n<meta property=\"og:title\" content=\"Conditions G\u00e9n\u00e9rales - Rents by Grietje\" \/>\n<meta property=\"og:description\" content=\"1. PRIX Inclus : Logement enti\u00e8rement \u00e9quip\u00e9, tous les co\u00fbts sous-jacents li\u00e9s \u00e0 la maison de vacances (TVA, imp\u00f4ts locaux, taxes communautaires, taxes de s\u00e9jour&#8230;), draps, serviettes, eau, \u00e9lectricit\u00e9, parties communes, climatisation (le cas \u00e9ch\u00e9ant), nettoyage final ainsi que l&#8217;entretien et le nettoyage des piscines et des jardins. Exclus : Lits d&#8217;appoint, lits de b\u00e9b\u00e9, [&hellip;]\" \/>\n<meta property=\"og:url\" content=\"https:\/\/rentsbygrietje.com\/fr\/conditions-generales\/\" \/>\n<meta property=\"og:site_name\" content=\"Rents by Grietje\" \/>\n<meta property=\"article:modified_time\" content=\"2023-07-20T09:33:09+00:00\" \/>\n<meta name=\"twitter:card\" content=\"summary_large_image\" \/>\n<meta name=\"twitter:label1\" content=\"Dur\u00e9e de lecture estim\u00e9e\" \/>\n\t<meta name=\"twitter:data1\" content=\"3 minutes\" \/>\n<script type=\"application\/ld+json\" class=\"yoast-schema-graph\">{\"@context\":\"https:\/\/schema.org\",\"@graph\":[{\"@type\":\"WebPage\",\"@id\":\"https:\/\/rentsbygrietje.com\/fr\/conditions-generales\/\",\"url\":\"https:\/\/rentsbygrietje.com\/fr\/conditions-generales\/\",\"name\":\"Conditions G\u00e9n\u00e9rales - Rents by Grietje\",\"isPartOf\":{\"@id\":\"https:\/\/rentsbygrietje.com\/fr\/#website\"},\"datePublished\":\"2016-03-10T17:51:46+00:00\",\"dateModified\":\"2023-07-20T09:33:09+00:00\",\"breadcrumb\":{\"@id\":\"https:\/\/rentsbygrietje.com\/fr\/conditions-generales\/#breadcrumb\"},\"inLanguage\":\"fr-FR\",\"potentialAction\":[{\"@type\":\"ReadAction\",\"target\":[\"https:\/\/rentsbygrietje.com\/fr\/conditions-generales\/\"]}]},{\"@type\":\"BreadcrumbList\",\"@id\":\"https:\/\/rentsbygrietje.com\/fr\/conditions-generales\/#breadcrumb\",\"itemListElement\":[{\"@type\":\"ListItem\",\"position\":1,\"name\":\"Portada\",\"item\":\"https:\/\/rentsbygrietje.com\/fr\/\"},{\"@type\":\"ListItem\",\"position\":2,\"name\":\"Conditions G\u00e9n\u00e9rales\"}]},{\"@type\":\"WebSite\",\"@id\":\"https:\/\/rentsbygrietje.com\/fr\/#website\",\"url\":\"https:\/\/rentsbygrietje.com\/fr\/\",\"name\":\"Rents by Grietje\",\"description\":\"Vakantiewoningen aan de Costa Blanca\",\"potentialAction\":[{\"@type\":\"SearchAction\",\"target\":{\"@type\":\"EntryPoint\",\"urlTemplate\":\"https:\/\/rentsbygrietje.com\/fr\/?s={search_term_string}\"},\"query-input\":\"required name=search_term_string\"}],\"inLanguage\":\"fr-FR\"}]}<\/script>\n<!-- \/ Yoast SEO plugin. -->","yoast_head_json":{"title":"Conditions G\u00e9n\u00e9rales - Rents by Grietje","robots":{"index":"index","follow":"follow","max-snippet":"max-snippet:-1","max-image-preview":"max-image-preview:large","max-video-preview":"max-video-preview:-1"},"canonical":"https:\/\/rentsbygrietje.com\/fr\/conditions-generales\/","og_locale":"fr_FR","og_type":"article","og_title":"Conditions G\u00e9n\u00e9rales - Rents by Grietje","og_description":"1. PRIX Inclus : Logement enti\u00e8rement \u00e9quip\u00e9, tous les co\u00fbts sous-jacents li\u00e9s \u00e0 la maison de vacances (TVA, imp\u00f4ts locaux, taxes communautaires, taxes de s\u00e9jour&#8230;), draps, serviettes, eau, \u00e9lectricit\u00e9, parties communes, climatisation (le cas \u00e9ch\u00e9ant), nettoyage final ainsi que l&#8217;entretien et le nettoyage des piscines et des jardins. Exclus : Lits d&#8217;appoint, lits de b\u00e9b\u00e9, [&hellip;]","og_url":"https:\/\/rentsbygrietje.com\/fr\/conditions-generales\/","og_site_name":"Rents by Grietje","article_modified_time":"2023-07-20T09:33:09+00:00","twitter_card":"summary_large_image","twitter_misc":{"Dur\u00e9e de lecture estim\u00e9e":"3 minutes"},"schema":{"@context":"https:\/\/schema.org","@graph":[{"@type":"WebPage","@id":"https:\/\/rentsbygrietje.com\/fr\/conditions-generales\/","url":"https:\/\/rentsbygrietje.com\/fr\/conditions-generales\/","name":"Conditions G\u00e9n\u00e9rales - Rents by Grietje","isPartOf":{"@id":"https:\/\/rentsbygrietje.com\/fr\/#website"},"datePublished":"2016-03-10T17:51:46+00:00","dateModified":"2023-07-20T09:33:09+00:00","breadcrumb":{"@id":"https:\/\/rentsbygrietje.com\/fr\/conditions-generales\/#breadcrumb"},"inLanguage":"fr-FR","potentialAction":[{"@type":"ReadAction","target":["https:\/\/rentsbygrietje.com\/fr\/conditions-generales\/"]}]},{"@type":"BreadcrumbList","@id":"https:\/\/rentsbygrietje.com\/fr\/conditions-generales\/#breadcrumb","itemListElement":[{"@type":"ListItem","position":1,"name":"Portada","item":"https:\/\/rentsbygrietje.com\/fr\/"},{"@type":"ListItem","position":2,"name":"Conditions G\u00e9n\u00e9rales"}]},{"@type":"WebSite","@id":"https:\/\/rentsbygrietje.com\/fr\/#website","url":"https:\/\/rentsbygrietje.com\/fr\/","name":"Rents by Grietje","description":"Vakantiewoningen aan de Costa Blanca","potentialAction":[{"@type":"SearchAction","target":{"@type":"EntryPoint","urlTemplate":"https:\/\/rentsbygrietje.com\/fr\/?s={search_term_string}"},"query-input":"required name=search_term_string"}],"inLanguage":"fr-FR"}]}},"_links":{"self":[{"href":"https:\/\/rentsbygrietje.com\/fr\/wp-json\/wp\/v2\/pages\/18782"}],"collection":[{"href":"https:\/\/rentsbygrietje.com\/fr\/wp-json\/wp\/v2\/pages"}],"about":[{"href":"https:\/\/rentsbygrietje.com\/fr\/wp-json\/wp\/v2\/types\/page"}],"author":[{"embeddable":true,"href":"https:\/\/rentsbygrietje.com\/fr\/wp-json\/wp\/v2\/users\/1"}],"replies":[{"embeddable":true,"href":"https:\/\/rentsbygrietje.com\/fr\/wp-json\/wp\/v2\/comments?post=18782"}],"version-history":[{"count":0,"href":"https:\/\/rentsbygrietje.com\/fr\/wp-json\/wp\/v2\/pages\/18782\/revisions"}],"wp:attachment":[{"href":"https:\/\/rentsbygrietje.com\/fr\/wp-json\/wp\/v2\/media?parent=18782"}],"curies":[{"name":"wp","href":"https:\/\/api.w.org\/{rel}","templated":true}]}}